{"id":818,"date":"2016-06-17T11:11:09","date_gmt":"2016-06-17T09:11:09","guid":{"rendered":"http:\/\/teatr-polski.pl\/?page_id=818&#038;lang=en"},"modified":"2016-06-17T11:11:09","modified_gmt":"2016-06-17T09:11:09","slug":"teatr-polski-poznaniu-en","status":"publish","type":"page","link":"https:\/\/teatr-polski.pl\/en\/","title":{"rendered":"Teatr Polski w Poznaniu EN"},"content":{"rendered":"","protected":false},"excerpt":{"rendered":"","protected":false},"author":1,"featured_media":0,"parent":0,"menu_order":38,"comment_status":"closed","ping_status":"closed","template":"page-home.php","meta":{"_acf_changed":false,"_bbp_topic_count":0,"_bbp_reply_count":0,"_bbp_total_topic_count":0,"_bbp_total_reply_count":0,"_bbp_voice_count":0,"_bbp_anonymous_reply_count":0,"_bbp_topic_count_hidden":0,"_bbp_reply_count_hidden":0,"_bbp_forum_subforum_count":0,"episode_type":"","audio_file":"","podmotor_file_id":"","podmotor_episode_id":"","cover_image":"","cover_image_id":"","duration":"","filesize":"","filesize_raw":"","date_recorded":"","explicit":"","block":"","footnotes":""},"class_list":["post-818","page","type-page","status-publish","hentry"],"acf":[],"yoast_head":"<!-- This site is optimized with the Yoast SEO plugin v27.3 - https:\/\/yoast.com\/product\/yoast-seo-wordpress\/ -->\n<title>Teatr Polski w Poznaniu EN | Teatr Polski w Poznaniu<\/title>\n<meta name=\"description\" content=\"Teatr Polski w Poznaniu \u2013 teatr dramatyczny dzia\u0142aj\u0105cy w Poznaniu od 1875. Posiada bogat\u0105 ofert\u0119 wydarze\u0144 i spektakli dla os\u00f3b w ka\u017cdym wieku.\" \/>\n<meta name=\"robots\" content=\"index, follow, max-snippet:-1, max-image-preview:large, max-video-preview:-1\" \/>\n<link rel=\"canonical\" href=\"https:\/\/teatr-polski.pl\/en\/\" \/>\n<meta property=\"og:locale\" content=\"en_US\" \/>\n<meta property=\"og:type\" content=\"article\" \/>\n<meta property=\"og:title\" content=\"Teatr Polski w Poznaniu EN | Teatr Polski w Poznaniu\" \/>\n<meta property=\"og:description\" content=\"Teatr Polski w Poznaniu \u2013 teatr dramatyczny dzia\u0142aj\u0105cy w Poznaniu od 1875. Posiada bogat\u0105 ofert\u0119 wydarze\u0144 i spektakli dla os\u00f3b w ka\u017cdym wieku.\" \/>\n<meta property=\"og:url\" content=\"https:\/\/teatr-polski.pl\/en\/\" \/>\n<meta property=\"og:site_name\" content=\"Teatr Polski w Poznaniu\" \/>\n<meta property=\"article:publisher\" content=\"https:\/\/www.facebook.com\/teatrpolskiwpoznaniu\" \/>\n<meta name=\"twitter:card\" content=\"summary_large_image\" \/>\n<meta name=\"twitter:site\" content=\"@TeatrPolskiPoz\" \/>\n<script type=\"application\/ld+json\" class=\"yoast-schema-graph\">{\"@context\":\"https:\\\/\\\/schema.org\",\"@graph\":[{\"@type\":\"WebPage\",\"@id\":\"https:\\\/\\\/teatr-polski.pl\\\/en\\\/\",\"url\":\"https:\\\/\\\/teatr-polski.pl\\\/en\\\/\",\"name\":\"Teatr Polski w Poznaniu EN | Teatr Polski w Poznaniu\",\"isPartOf\":{\"@id\":\"https:\\\/\\\/teatr-polski.pl\\\/#website\"},\"datePublished\":\"2016-06-17T09:11:09+00:00\",\"description\":\"Teatr Polski w Poznaniu \u2013 teatr dramatyczny dzia\u0142aj\u0105cy w Poznaniu od 1875. Posiada bogat\u0105 ofert\u0119 wydarze\u0144 i spektakli dla os\u00f3b w ka\u017cdym wieku.\",\"breadcrumb\":{\"@id\":\"https:\\\/\\\/teatr-polski.pl\\\/en\\\/#breadcrumb\"},\"inLanguage\":\"en-US\",\"potentialAction\":[{\"@type\":\"ReadAction\",\"target\":[\"https:\\\/\\\/teatr-polski.pl\\\/en\\\/\"]}]},{\"@type\":\"BreadcrumbList\",\"@id\":\"https:\\\/\\\/teatr-polski.pl\\\/en\\\/#breadcrumb\",\"itemListElement\":[{\"@type\":\"ListItem\",\"position\":1,\"name\":\"Strona g\u0142\u00f3wna\",\"item\":\"https:\\\/\\\/teatr-polski.pl\\\/en\\\/\"},{\"@type\":\"ListItem\",\"position\":2,\"name\":\"Teatr Polski w Poznaniu EN\"}]},{\"@type\":\"WebSite\",\"@id\":\"https:\\\/\\\/teatr-polski.pl\\\/#website\",\"url\":\"https:\\\/\\\/teatr-polski.pl\\\/\",\"name\":\"Teatr Polski w Poznaniu\",\"description\":\"Strona Teatru Polskiego w Poznaniu\",\"potentialAction\":[{\"@type\":\"SearchAction\",\"target\":{\"@type\":\"EntryPoint\",\"urlTemplate\":\"https:\\\/\\\/teatr-polski.pl\\\/?s={search_term_string}\"},\"query-input\":{\"@type\":\"PropertyValueSpecification\",\"valueRequired\":true,\"valueName\":\"search_term_string\"}}],\"inLanguage\":\"en-US\"}]}<\/script>\n<!-- \/ Yoast SEO plugin. -->","yoast_head_json":{"title":"Teatr Polski w Poznaniu EN | Teatr Polski w Poznaniu","description":"Teatr Polski w Poznaniu \u2013 teatr dramatyczny dzia\u0142aj\u0105cy w Poznaniu od 1875. Posiada bogat\u0105 ofert\u0119 wydarze\u0144 i spektakli dla os\u00f3b w ka\u017cdym wieku.","robots":{"index":"index","follow":"follow","max-snippet":"max-snippet:-1","max-image-preview":"max-image-preview:large","max-video-preview":"max-video-preview:-1"},"canonical":"https:\/\/teatr-polski.pl\/en\/","og_locale":"en_US","og_type":"article","og_title":"Teatr Polski w Poznaniu EN | Teatr Polski w Poznaniu","og_description":"Teatr Polski w Poznaniu \u2013 teatr dramatyczny dzia\u0142aj\u0105cy w Poznaniu od 1875. Posiada bogat\u0105 ofert\u0119 wydarze\u0144 i spektakli dla os\u00f3b w ka\u017cdym wieku.","og_url":"https:\/\/teatr-polski.pl\/en\/","og_site_name":"Teatr Polski w Poznaniu","article_publisher":"https:\/\/www.facebook.com\/teatrpolskiwpoznaniu","twitter_card":"summary_large_image","twitter_site":"@TeatrPolskiPoz","schema":{"@context":"https:\/\/schema.org","@graph":[{"@type":"WebPage","@id":"https:\/\/teatr-polski.pl\/en\/","url":"https:\/\/teatr-polski.pl\/en\/","name":"Teatr Polski w Poznaniu EN | Teatr Polski w Poznaniu","isPartOf":{"@id":"https:\/\/teatr-polski.pl\/#website"},"datePublished":"2016-06-17T09:11:09+00:00","description":"Teatr Polski w Poznaniu \u2013 teatr dramatyczny dzia\u0142aj\u0105cy w Poznaniu od 1875. Posiada bogat\u0105 ofert\u0119 wydarze\u0144 i spektakli dla os\u00f3b w ka\u017cdym wieku.","breadcrumb":{"@id":"https:\/\/teatr-polski.pl\/en\/#breadcrumb"},"inLanguage":"en-US","potentialAction":[{"@type":"ReadAction","target":["https:\/\/teatr-polski.pl\/en\/"]}]},{"@type":"BreadcrumbList","@id":"https:\/\/teatr-polski.pl\/en\/#breadcrumb","itemListElement":[{"@type":"ListItem","position":1,"name":"Strona g\u0142\u00f3wna","item":"https:\/\/teatr-polski.pl\/en\/"},{"@type":"ListItem","position":2,"name":"Teatr Polski w Poznaniu EN"}]},{"@type":"WebSite","@id":"https:\/\/teatr-polski.pl\/#website","url":"https:\/\/teatr-polski.pl\/","name":"Teatr Polski w Poznaniu","description":"Strona Teatru Polskiego w Poznaniu","potentialAction":[{"@type":"SearchAction","target":{"@type":"EntryPoint","urlTemplate":"https:\/\/teatr-polski.pl\/?s={search_term_string}"},"query-input":{"@type":"PropertyValueSpecification","valueRequired":true,"valueName":"search_term_string"}}],"inLanguage":"en-US"}]}},"_links":{"self":[{"href":"https:\/\/teatr-polski.pl\/en\/wp-json\/wp\/v2\/pages\/818","targetHints":{"allow":["GET"]}}],"collection":[{"href":"https:\/\/teatr-polski.pl\/en\/wp-json\/wp\/v2\/pages"}],"about":[{"href":"https:\/\/teatr-polski.pl\/en\/wp-json\/wp\/v2\/types\/page"}],"author":[{"embeddable":true,"href":"https:\/\/teatr-polski.pl\/en\/wp-json\/wp\/v2\/users\/1"}],"replies":[{"embeddable":true,"href":"https:\/\/teatr-polski.pl\/en\/wp-json\/wp\/v2\/comments?post=818"}],"version-history":[{"count":1,"href":"https:\/\/teatr-polski.pl\/en\/wp-json\/wp\/v2\/pages\/818\/revisions"}],"predecessor-version":[{"id":819,"href":"https:\/\/teatr-polski.pl\/en\/wp-json\/wp\/v2\/pages\/818\/revisions\/819"}],"wp:attachment":[{"href":"https:\/\/teatr-polski.pl\/en\/wp-json\/wp\/v2\/media?parent=818"}],"curies":[{"name":"wp","href":"https:\/\/api.w.org\/{rel}","templated":true}]}}